{"id":85,"date":"2023-03-02T09:31:46","date_gmt":"2023-03-02T09:31:46","guid":{"rendered":"https:\/\/latelieraphotos.fr\/?page_id=85"},"modified":"2023-07-21T10:01:40","modified_gmt":"2023-07-21T10:01:40","slug":"mentions-legales","status":"publish","type":"page","link":"https:\/\/latelieraphotos.fr\/index.php\/mentions-legales\/","title":{"rendered":"Mentions l\u00e9gales"},"content":{"rendered":"\n<p>Tous les \u00e9l\u00e9ments composant ce site, y incluant les textes, les logos, les photographies, et autres signes distinctifs apparaissant sur le site sont prot\u00e9g\u00e9s par la lois en vigueur sur la propri\u00e9t\u00e9 intellectuelle et le droit d\u2019auteur.<\/p>\n\n\n\n<p>Toute reproduction m\u00eame partielle est strictement interdite et expose de ce fait tout contrevenant \u00e0 des poursuites judiciaires.<\/p>\n\n\n\n<p>Soci\u00e9t\u00e9 : Tanguy HILLAIREAU<\/p>\n\n\n\n<p>SIRET : 89113796000011<\/p>\n\n\n\n<p>Directeur de publication : Tanguy HILLAIREAU<\/p>\n\n\n\n<p>Si\u00e8ge social : 23 THERA, 56130 P\u00e9aule<\/p>\n\n\n\n<p>T\u00e9l\u00e9phone : 06 43 71 89 92<\/p>\n\n\n\n<p>Le site est h\u00e9berg\u00e9 en France sur les serveurs de la soci\u00e9t\u00e9 :<\/p>\n\n\n\n<p>Soci\u00e9t\u00e9: Hostinger. <\/p>\n\n\n\n<p>L&rsquo;atelier \u00e0 photos.<\/p>\n","protected":false},"excerpt":{"rendered":"<p>Tous les \u00e9l\u00e9ments composant ce site, y incluant les textes, les logos, les photographies, et autres signes distinctifs apparaissant sur le site sont prot\u00e9g\u00e9s par la lois en vigueur sur la propri\u00e9t\u00e9 intellectuelle et le droit d\u2019auteur. Toute reproduction m\u00eame partielle est strictement interdite et expose de ce fait tout contrevenant \u00e0 des poursuites judiciaires&#8230;.<\/p>\n","protected":false},"author":1,"featured_media":0,"parent":0,"menu_order":0,"comment_status":"closed","ping_status":"closed","template":"","meta":{"_kad_post_transparent":"","_kad_post_title":"","_kad_post_layout":"","_kad_post_sidebar_id":"","_kad_post_content_style":"boxed","_kad_post_vertical_padding":"","_kad_post_feature":"","_kad_post_feature_position":"","_kad_post_header":false,"_kad_post_footer":false},"yoast_head":"<!-- This site is optimized with the Yoast SEO plugin v21.8.1 - https:\/\/yoast.com\/wordpress\/plugins\/seo\/ -->\n<title>Mentions l\u00e9gales - Latelier \u00e0 photos<\/title>\n<meta name=\"description\" content=\"Consultez nos mentions l\u00e9gales pour en savoir plus sur notre entreprise et nos services. Informations essentielles \u00e0 d\u00e9couvrir ici.\" \/>\n<meta name=\"robots\" content=\"index, follow, max-snippet:-1, max-image-preview:large, max-video-preview:-1\" \/>\n<link rel=\"canonical\" href=\"https:\/\/latelieraphotos.fr\/index.php\/mentions-legales\/\" \/>\n<meta property=\"og:locale\" content=\"fr_FR\" \/>\n<meta property=\"og:type\" content=\"article\" \/>\n<meta property=\"og:title\" content=\"Mentions l\u00e9gales - Latelier \u00e0 photos\" \/>\n<meta property=\"og:description\" content=\"Consultez nos mentions l\u00e9gales pour en savoir plus sur notre entreprise et nos services. Informations essentielles \u00e0 d\u00e9couvrir ici.\" \/>\n<meta property=\"og:url\" content=\"https:\/\/latelieraphotos.fr\/index.php\/mentions-legales\/\" \/>\n<meta property=\"og:site_name\" content=\"Latelier \u00e0 photos\" \/>\n<meta property=\"article:modified_time\" content=\"2023-07-21T10:01:40+00:00\" \/>\n<meta name=\"twitter:card\" content=\"summary_large_image\" \/>\n<meta name=\"twitter:label1\" content=\"Dur\u00e9e de lecture estim\u00e9e\" \/>\n\t<meta name=\"twitter:data1\" content=\"1 minute\" \/>\n<script type=\"application\/ld+json\" class=\"yoast-schema-graph\">{\"@context\":\"https:\/\/schema.org\",\"@graph\":[{\"@type\":\"WebPage\",\"@id\":\"https:\/\/latelieraphotos.fr\/index.php\/mentions-legales\/\",\"url\":\"https:\/\/latelieraphotos.fr\/index.php\/mentions-legales\/\",\"name\":\"Mentions l\u00e9gales - Latelier \u00e0 photos\",\"isPartOf\":{\"@id\":\"https:\/\/latelieraphotos.fr\/#website\"},\"datePublished\":\"2023-03-02T09:31:46+00:00\",\"dateModified\":\"2023-07-21T10:01:40+00:00\",\"description\":\"Consultez nos mentions l\u00e9gales pour en savoir plus sur notre entreprise et nos services. Informations essentielles \u00e0 d\u00e9couvrir ici.\",\"breadcrumb\":{\"@id\":\"https:\/\/latelieraphotos.fr\/index.php\/mentions-legales\/#breadcrumb\"},\"inLanguage\":\"fr-FR\",\"potentialAction\":[{\"@type\":\"ReadAction\",\"target\":[\"https:\/\/latelieraphotos.fr\/index.php\/mentions-legales\/\"]}]},{\"@type\":\"BreadcrumbList\",\"@id\":\"https:\/\/latelieraphotos.fr\/index.php\/mentions-legales\/#breadcrumb\",\"itemListElement\":[{\"@type\":\"ListItem\",\"position\":1,\"name\":\"Accueil\",\"item\":\"https:\/\/latelieraphotos.fr\/\"},{\"@type\":\"ListItem\",\"position\":2,\"name\":\"Mentions l\u00e9gales\"}]},{\"@type\":\"WebSite\",\"@id\":\"https:\/\/latelieraphotos.fr\/#website\",\"url\":\"https:\/\/latelieraphotos.fr\/\",\"name\":\"Latelier \u00e0 photos\",\"description\":\"Location de photobooth pour votre \u00e9v\u00e8nement\",\"publisher\":{\"@id\":\"https:\/\/latelieraphotos.fr\/#organization\"},\"potentialAction\":[{\"@type\":\"SearchAction\",\"target\":{\"@type\":\"EntryPoint\",\"urlTemplate\":\"https:\/\/latelieraphotos.fr\/?s={search_term_string}\"},\"query-input\":\"required name=search_term_string\"}],\"inLanguage\":\"fr-FR\"},{\"@type\":\"Organization\",\"@id\":\"https:\/\/latelieraphotos.fr\/#organization\",\"name\":\"Latelier \u00e0 photos\",\"url\":\"https:\/\/latelieraphotos.fr\/\",\"logo\":{\"@type\":\"ImageObject\",\"inLanguage\":\"fr-FR\",\"@id\":\"https:\/\/latelieraphotos.fr\/#\/schema\/logo\/image\/\",\"url\":\"https:\/\/latelieraphotos.fr\/wp-content\/uploads\/2023\/03\/cropped-2.png\",\"contentUrl\":\"https:\/\/latelieraphotos.fr\/wp-content\/uploads\/2023\/03\/cropped-2.png\",\"width\":1366,\"height\":546,\"caption\":\"Latelier \u00e0 photos\"},\"image\":{\"@id\":\"https:\/\/latelieraphotos.fr\/#\/schema\/logo\/image\/\"}}]}<\/script>\n<!-- \/ Yoast SEO plugin. -->","yoast_head_json":{"title":"Mentions l\u00e9gales - Latelier \u00e0 photos","description":"Consultez nos mentions l\u00e9gales pour en savoir plus sur notre entreprise et nos services. Informations essentielles \u00e0 d\u00e9couvrir ici.","robots":{"index":"index","follow":"follow","max-snippet":"max-snippet:-1","max-image-preview":"max-image-preview:large","max-video-preview":"max-video-preview:-1"},"canonical":"https:\/\/latelieraphotos.fr\/index.php\/mentions-legales\/","og_locale":"fr_FR","og_type":"article","og_title":"Mentions l\u00e9gales - Latelier \u00e0 photos","og_description":"Consultez nos mentions l\u00e9gales pour en savoir plus sur notre entreprise et nos services. Informations essentielles \u00e0 d\u00e9couvrir ici.","og_url":"https:\/\/latelieraphotos.fr\/index.php\/mentions-legales\/","og_site_name":"Latelier \u00e0 photos","article_modified_time":"2023-07-21T10:01:40+00:00","twitter_card":"summary_large_image","twitter_misc":{"Dur\u00e9e de lecture estim\u00e9e":"1 minute"},"schema":{"@context":"https:\/\/schema.org","@graph":[{"@type":"WebPage","@id":"https:\/\/latelieraphotos.fr\/index.php\/mentions-legales\/","url":"https:\/\/latelieraphotos.fr\/index.php\/mentions-legales\/","name":"Mentions l\u00e9gales - Latelier \u00e0 photos","isPartOf":{"@id":"https:\/\/latelieraphotos.fr\/#website"},"datePublished":"2023-03-02T09:31:46+00:00","dateModified":"2023-07-21T10:01:40+00:00","description":"Consultez nos mentions l\u00e9gales pour en savoir plus sur notre entreprise et nos services. Informations essentielles \u00e0 d\u00e9couvrir ici.","breadcrumb":{"@id":"https:\/\/latelieraphotos.fr\/index.php\/mentions-legales\/#breadcrumb"},"inLanguage":"fr-FR","potentialAction":[{"@type":"ReadAction","target":["https:\/\/latelieraphotos.fr\/index.php\/mentions-legales\/"]}]},{"@type":"BreadcrumbList","@id":"https:\/\/latelieraphotos.fr\/index.php\/mentions-legales\/#breadcrumb","itemListElement":[{"@type":"ListItem","position":1,"name":"Accueil","item":"https:\/\/latelieraphotos.fr\/"},{"@type":"ListItem","position":2,"name":"Mentions l\u00e9gales"}]},{"@type":"WebSite","@id":"https:\/\/latelieraphotos.fr\/#website","url":"https:\/\/latelieraphotos.fr\/","name":"Latelier \u00e0 photos","description":"Location de photobooth pour votre \u00e9v\u00e8nement","publisher":{"@id":"https:\/\/latelieraphotos.fr\/#organization"},"potentialAction":[{"@type":"SearchAction","target":{"@type":"EntryPoint","urlTemplate":"https:\/\/latelieraphotos.fr\/?s={search_term_string}"},"query-input":"required name=search_term_string"}],"inLanguage":"fr-FR"},{"@type":"Organization","@id":"https:\/\/latelieraphotos.fr\/#organization","name":"Latelier \u00e0 photos","url":"https:\/\/latelieraphotos.fr\/","logo":{"@type":"ImageObject","inLanguage":"fr-FR","@id":"https:\/\/latelieraphotos.fr\/#\/schema\/logo\/image\/","url":"https:\/\/latelieraphotos.fr\/wp-content\/uploads\/2023\/03\/cropped-2.png","contentUrl":"https:\/\/latelieraphotos.fr\/wp-content\/uploads\/2023\/03\/cropped-2.png","width":1366,"height":546,"caption":"Latelier \u00e0 photos"},"image":{"@id":"https:\/\/latelieraphotos.fr\/#\/schema\/logo\/image\/"}}]}},"_links":{"self":[{"href":"https:\/\/latelieraphotos.fr\/index.php\/wp-json\/wp\/v2\/pages\/85"}],"collection":[{"href":"https:\/\/latelieraphotos.fr\/index.php\/wp-json\/wp\/v2\/pages"}],"about":[{"href":"https:\/\/latelieraphotos.fr\/index.php\/wp-json\/wp\/v2\/types\/page"}],"author":[{"embeddable":true,"href":"https:\/\/latelieraphotos.fr\/index.php\/wp-json\/wp\/v2\/users\/1"}],"replies":[{"embeddable":true,"href":"https:\/\/latelieraphotos.fr\/index.php\/wp-json\/wp\/v2\/comments?post=85"}],"version-history":[{"count":2,"href":"https:\/\/latelieraphotos.fr\/index.php\/wp-json\/wp\/v2\/pages\/85\/revisions"}],"predecessor-version":[{"id":142,"href":"https:\/\/latelieraphotos.fr\/index.php\/wp-json\/wp\/v2\/pages\/85\/revisions\/142"}],"wp:attachment":[{"href":"https:\/\/latelieraphotos.fr\/index.php\/wp-json\/wp\/v2\/media?parent=85"}],"curies":[{"name":"wp","href":"https:\/\/api.w.org\/{rel}","templated":true}]}}